{"id":141,"date":"2023-05-01T15:07:32","date_gmt":"2023-05-01T15:07:32","guid":{"rendered":"https:\/\/explore-lukovo.net\/?page_id=141"},"modified":"2023-05-02T16:47:55","modified_gmt":"2023-05-02T16:47:55","slug":"izjava","status":"publish","type":"page","link":"https:\/\/explore-lukovo.net\/de\/aussage\/","title":{"rendered":"Aussage"},"content":{"rendered":"<p>Schutz pers\u00f6nlicher Daten<\/p>\n\n\n\n<p>Der Schutz Ihrer Privatsph\u00e4re ist f\u00fcr uns wichtig. Daher m\u00f6chten wir Ihnen mit diesen Informationen helfen, zu verstehen, was Ihre personenbezogenen Daten von uns erfassen, warum wir sie sammeln, wie wir sie verwenden, welche Verarbeitungsverfahren wir ausf\u00fchren und welche Rechte Sie haben und wie Sie dies tun kann sie erzwingen.<\/p>\n\n\n\n<p><strong>1. Allgemeines<\/strong><\/p>\n\n\n\n<p>Matja\u017e Mihevc, Tovarni\u0161ka cesta 8a, 1370 Logatec (im Folgenden: Manager) ist sich der Bedeutung des Schutzes personenbezogener Daten bewusst und hat diesen Bereich daher an die EU-Verordnung 2016\/679 zum Schutz nat\u00fcrlicher Personen bei der Verarbeitung angepasst personenbezogener Daten und zum freien Datenverkehr sowie zur Aufhebung der Richtlinie 95\/46 \/ EG (im Folgenden: DSGVO).<\/p>\n\n\n\n<p>Das Hauptziel des Betreibers ist es, Ihnen einen hervorragenden Service zu bieten und somit Ihre optimale Zufriedenheit zu erreichen. Durch die Erfassung und Verarbeitung bestimmter pers\u00f6nlicher Informationen kann sich der Manager schneller und besser an Ihre Bed\u00fcrfnisse und Vorlieben anpassen und Ihnen eine effektivere Kommunikation und eine bessere Benutzererfahrung bieten.<\/p>\n\n\n\n<p>Der Administrator speichert und sch\u00fctzt Ihre pers\u00f6nlichen Informationen sorgf\u00e4ltig, um eine unbefugte Weitergabe von Informationen an unbefugte Personen zu verhindern.<\/p>\n\n\n\n<p><strong>2. Pers\u00f6nliche Daten<\/strong><\/p>\n\n\n\n<p>Nach der GDPR sind unter personenbezogenen Daten alle Informationen zu verstehen, die sich auf eine bestimmte oder bestimmbare Person beziehen.<\/p>\n\n\n\n<p>Der Controller erfasst und verarbeitet ausschlie\u00dflich nur die pers\u00f6nlichen Informationen, die Sie bei der Registrierung f\u00fcr einen bestimmten Dienst angegeben haben (Anmeldung bei E-News oder durch Ausf\u00fcllen des unverbindlichen Antragsformulars). Diese pers\u00f6nlichen Daten sind: Vor- und Nachname, Firma, Telefonnummer, E-Mail-Adresse und IP-Adresse.<\/p>\n\n\n\n<p>Wenn Sie Informationen im Namen einer anderen Person bereitstellen, m\u00fcssen Sie sicherstellen, dass diese zuvor \u00fcber diese Datenschutzerkl\u00e4rung informiert wurden und Kenntnis davon haben. Wenn Sie unter 16 Jahre alt sind, sollten Sie pers\u00f6nliche Informationen nur angeben, wenn Sie \u00fcber einen Elternteil oder einen gesetzlichen Vertreter f\u00fcr diese Erlaubnis verf\u00fcgen.<\/p>\n\n\n\n<p>Der Administrator fordert Sie auf, alle \u00c4nderungen an Ihren Kontaktinformationen mitzuteilen, um die aktuellen Informationen zu erhalten.<\/p>\n\n\n\n<p><strong>3. Schutz personenbezogener Daten<\/strong><\/p>\n\n\n\n<p>Der Manager verwendet und verarbeitet personenbezogene Daten auf der Grundlage der g\u00fcltigen slowenischen Gesetzgebung und des EU-Rechts.<\/p>\n\n\n\n<p>Der Administrator als Datenverantwortlicher respektiert Ihre Privatsph\u00e4re und verpflichtet sich, alle erhobenen personenbezogenen Daten sorgf\u00e4ltig zu sch\u00fctzen, und wird diese nicht an Dritte weitergeben oder zu anderen Zwecken als zu den Zwecken verwenden, f\u00fcr die ohne Ihre Zustimmung personenbezogene Daten \u00fcbermittelt wurden.<\/p>\n\n\n\n<p>Personenbezogene Daten, die der Controller von Ihnen erhoben hat, k\u00f6nnen an Dritte weitergegeben werden, um sicherzustellen, dass eine Rechtsgrundlage f\u00fcr die \u00dcbertragung besteht (Ihre ausdr\u00fcckliche Zustimmung oder gesetzliche Bestimmung).<\/p>\n\n\n\n<p>Alle Ihre pers\u00f6nlichen Informationen werden auf den sicheren Servern des Controllers oder unter der Kontrolle (oder in sicherem Druck) von sicheren Unterauftragnehmern oder Gesch\u00e4ftspartnern gespeichert. Dabei werden die Sicherheitsrichtlinien und -standards des Betreibers beim Zugriff und bei deren Verwendung verwendet.<\/p>\n\n\n\n<p>Obwohl beim Herunterladen von Daten \u00fcber das Internet oder das Internet kein vollst\u00e4ndiger Schutz vor Cyber-Angriffen m\u00f6glich ist, bem\u00fcht sich der Manager nachdr\u00fccklich darum, physische, elektronische und verfahrensrechtliche Sicherheitsvorkehrungen zum Schutz Ihrer Daten bei seinen Subunternehmern und Gesch\u00e4ftspartnern gem\u00e4\u00df zu treffen die geltenden Datenschutzanforderungen.<\/p>\n\n\n\n<p>Der Zugriff auf Ihre Informationen wurde vom Betreiber auf diejenigen beschr\u00e4nkt, die sie f\u00fcr den fraglichen Zweck ben\u00f6tigen.<\/p>\n\n\n\n<p><strong>4. Zeitpunkt der Aufbewahrung personenbezogener Daten<\/strong><\/p>\n\n\n\n<p>Die Aufbewahrungsfrist f\u00fcr personenbezogene Daten h\u00e4ngt von der Grundlage und dem Zweck der Verarbeitung einer bestimmten Kategorie personenbezogener Daten ab. Personenbezogene Daten werden nur so lange aufbewahrt, wie es vorgeschrieben oder zul\u00e4ssig und erforderlich ist, um den Zweck zu erreichen, zu dem sie erhoben oder weiterverarbeitet wurden. Personenbezogene Daten werden nach dem Zweck der Verarbeitung gel\u00f6scht, vernichtet, gesperrt oder anonymisiert, sofern keine andere Rechtsgrundlage besteht oder wenn dies zur Durchsetzung, Durchsetzung oder Verteidigung von Rechtsanspr\u00fcchen erforderlich ist.<\/p>\n\n\n\n<p><strong>5. Deine Rechte<\/strong><\/p>\n\n\n\n<p>Sie haben das Recht zu:<\/p>\n\n\n\n<p class=\"translation-block\">Sie verlangen, dass der Betreiber Ihnen weitere Informationen dazu gibt, wie der Betreiber Ihre Informationen verwendet.\nZugriff auf Ihre pers\u00f6nlichen Informationen und Kopien der Informationen, die Sie dem Betreiber zur Verf\u00fcgung gestellt haben,\nSie erhalten pers\u00f6nliche Informationen, die Sie dem Controller in einer strukturierten, weit verbreiteten und maschinenlesbaren Form zur Verf\u00fcgung gestellt haben, und das Recht, diese Informationen unbeschadet an einen anderen Controller weiterzuleiten, sofern dies technisch m\u00f6glich ist, sofern die Verarbeitung Ihrer Daten auf Ihrem basiert Einwilligung oder Vertrag und erfolgt mit automatisierten Mitteln,\nSie bitten den Controller, Ungenauigkeiten in den darin enthaltenen Informationen zu aktualisieren.\nden Betreiber bitten, alle Daten zu l\u00f6schen, f\u00fcr die er keine Rechtsgrundlage mehr hat,\nWenn die Verarbeitung auf einer Einwilligung basiert und in Bezug auf Direktmarketing erfolgt, widerrufen Sie von Zeit zu Zeit Ihre Einwilligung, sodass der Betreiber die Verarbeitung abbricht.\nSie lehnen jegliche Verarbeitung aufgrund legitimer Interessen aufgrund Ihrer besonderen Umst\u00e4nde ab, es sei denn, die Gr\u00fcnde des Betreibers f\u00fcr diese Verarbeitung haben Vorrang vor einer Beeintr\u00e4chtigung Ihrer Datenschutzrechte.\nSie bitten den Controller, die Verwendung Ihrer Daten einzuschr\u00e4nken, zum Beispiel bei der Pr\u00fcfung der Reklamation.<\/p>\n\n\n\n<p>Die Aus\u00fcbung dieser Rechte unterliegt bestimmten Ausnahmen zum Schutz des \u00f6ffentlichen Interesses (z. B. Verh\u00fctung oder Aufdeckung von Straftaten), den Interessen des f\u00fcr die Verarbeitung Verantwortlichen (z. B. Wahrung der Vertraulichkeit) oder der Rechte und Freiheiten anderer. Wenn Sie eines dieser Rechte aus\u00fcben, wird der Betreiber Ihre Berechtigung \u00fcberpr\u00fcfen und unverz\u00fcglich reagieren, sp\u00e4testens jedoch innerhalb eines Monats. In komplizierten F\u00e4llen oder wenn Sie eine gro\u00dfe Anzahl von Anfragen erhalten, kann diese Frist um weitere zwei Monate verl\u00e4ngert werden. Dies wird vom Controller gemeldet.<\/p>\n\n\n\n<p>Wann immer Sie das Recht haben, Beschwerde bei der Aufsichtsbeh\u00f6rde f\u00fcr den Schutz personenbezogener Daten einzureichen: Information Commissioner, Zalo\u0161ka 59, 1000 Ljubljana. www.ip-rs.si.<\/p>\n\n\n\n<p><strong>6. Betreiber<\/strong><\/p>\n\n\n\n<p>Der Manager Ihrer pers\u00f6nlichen Informationen ist Matja\u017e Mihevc, Tovarni\u0161ka cesta 8a, 1370 Logatec.<\/p>\n\n\n\n<p>Die Kontaktadresse zum Schutz Ihrer Informationen lautet info@explore-lukovo.net<\/p>","protected":false},"excerpt":{"rendered":"<p>Varovanje osebnih podatkov Varovanje va\u0161e zasebnosti nam je pomembno, zato vam \u017eelimo s temi informacijami pomagati razumeti, katere va\u0161e osebne podatke zbiramo, zakaj jih zbiramo, kako jih uporabljamo, katere postopke obdelave izvajamo ter kak\u0161ne so va\u0161e pravice in kako jih lahko uveljavite. 1. Splo\u0161no Matja\u017e Mihevc, Tovarni\u0161ka cesta 8a, 1370 Logatec (v nadaljevanju: upravljavec) se [&hellip;]<\/p>","protected":false},"author":1,"featured_media":0,"parent":0,"menu_order":0,"comment_status":"closed","ping_status":"closed","template":"","meta":{"_seopress_robots_primary_cat":"","_seopress_titles_title":"","_seopress_titles_desc":"","_seopress_robots_index":"yes","footnotes":""},"class_list":["post-141","page","type-page","status-publish","hentry"],"_links":{"self":[{"href":"https:\/\/explore-lukovo.net\/de\/wp-json\/wp\/v2\/pages\/141","targetHints":{"allow":["GET"]}}],"collection":[{"href":"https:\/\/explore-lukovo.net\/de\/wp-json\/wp\/v2\/pages"}],"about":[{"href":"https:\/\/explore-lukovo.net\/de\/wp-json\/wp\/v2\/types\/page"}],"author":[{"embeddable":true,"href":"https:\/\/explore-lukovo.net\/de\/wp-json\/wp\/v2\/users\/1"}],"replies":[{"embeddable":true,"href":"https:\/\/explore-lukovo.net\/de\/wp-json\/wp\/v2\/comments?post=141"}],"version-history":[{"count":3,"href":"https:\/\/explore-lukovo.net\/de\/wp-json\/wp\/v2\/pages\/141\/revisions"}],"predecessor-version":[{"id":380,"href":"https:\/\/explore-lukovo.net\/de\/wp-json\/wp\/v2\/pages\/141\/revisions\/380"}],"wp:attachment":[{"href":"https:\/\/explore-lukovo.net\/de\/wp-json\/wp\/v2\/media?parent=141"}],"curies":[{"name":"wp","href":"https:\/\/api.w.org\/{rel}","templated":true}]}}