{"id":381,"date":"2023-05-02T16:13:33","date_gmt":"2023-05-02T16:13:33","guid":{"rendered":"https:\/\/explore-lukovo.net\/?page_id=381"},"modified":"2023-05-02T16:48:08","modified_gmt":"2023-05-02T16:48:08","slug":"piskotki","status":"publish","type":"page","link":"https:\/\/explore-lukovo.net\/de\/koekjes\/","title":{"rendered":"Koekjes"},"content":{"rendered":"<p>Koekjes<\/p>\n\n\n\n<p>Diese Mitteilung wird in \u00dcbereinstimmung mit dem Gesetz \u00fcber elektronische Kommunikation (ZEKom-1) bereitgestellt, das die Regeln f\u00fcr die Verwendung von Cookies und \u00e4hnlichen Technologien zum Speichern von Daten oder f\u00fcr den Zugriff auf Daten, die auf Ihrem Computer oder Mobilger\u00e4t gespeichert sind, regelt.<\/p>\n\n\n\n<p>Was sind Cookie?<\/p>\n\n\n\n<p>Cookies sind kleine Textdateien, die beim Besuch einer Website auf Ihren Computer oder Ihr Mobilger\u00e4t heruntergeladen werden. Cookies enthalten normalerweise den Namen des Servers, von dem das Cookie gesendet wurde. die Lebensdauer des Cookies und ein Wert, der normalerweise zuf\u00e4llig von einer eindeutigen Nummer generiert wird.<\/p>\n\n\n\n<p>Cookies auf der Website https:\/\/www.explore-lukovo.net\/ bieten eine bessere Benutzererfahrung und erm\u00f6glichen Ihnen die Nutzung der Website und der Funktionen auf der Website (Anmelden im B\u00fcro, Anzeigen von Videos, Teilen von Inhalten in sozialen Netzwerken) und Sammeln von Informationen \u00fcber die Nutzung unserer Websites.<\/p>\n\n\n\n<p>Cookies erlauben es Ihnen nicht, sich selbst zu identifizieren, und Sie k\u00f6nnen nicht einfach feststellen, mit wem Sie sich gerade befassen.<\/p>\n\n\n\n<p>Arten von Cookies, die wir verwenden<\/p>\n\n\n\n<p><strong>Gruppe 1 \u2013 dringend ben\u00f6tigte Cookies<\/strong><\/p>\n\n\n\n<p>Zu den wesentlichen Cookies z\u00e4hlen Cookies, die Ihnen den Zugriff auf die Website erm\u00f6glichen und f\u00fcr das Funktionieren der einzelnen Funktionen der Website von entscheidender Bedeutung sind. Sie werden daher stets auf Ihrem Ger\u00e4t installiert. Sie werden eingerichtet, wenn Sie mit der Website interagieren und keine analytischen oder anderen Informationen \u00fcber Ihren Besuch gleichzeitig erfassen.<\/p>\n\n\n\n<p>Die folgende Tabelle zeigt die Cookies, die wir auf der Website verwenden:<\/p>\n\n\n\n<p>LIEFERUNG DER LAGERUNG VON SCHWEINEN VON M\u00d6BELN UND VERWALTUNG DER DATEN ZWECK DER REINIGUNG DER DATENVERARBEITUNG<br>cc_analytics 1 leto explore-lukovo.si S pomocjo tega pi\u0161kotka si zapomnimo va\u0161o izbiro glede name\u0161canja pi\u0161kotkov. Podatki zbrani s pomocjo pi\u0161kotka se ne delijo s tretjimi osebami.<br>cc_necessary 1 leto explore-lukovo.si S pomocjo tega pi\u0161kotka si zapomnimo va\u0161o izbiro glede name\u0161canja pi\u0161kotkov. Podatki zbrani s pomocjo pi\u0161kotka se ne delijo s tretjimi osebami.<\/p>\n\n\n\n<p><strong>Gruppe 2 \u2013 eigene analytische Cookies<\/strong><\/p>\n\n\n\n<p>Dazu geh\u00f6ren analytische und funktionale Cookies zur Analyse des Datenverkehrs auf einer Website.<\/p>\n\n\n\n<p>Unsere eigenen analytischen Cookies werden auf Ihrem Ger\u00e4t installiert, sobald sie auf unserer Website ankommen. Sie werden immer installiert, es sei denn, Sie w\u00e4hlen in den Cookie-Einstellungen die Option \u201eNicht zustimmen\u201c.<\/p>\n\n\n\n<p>Ihre eigenen analytischen Cookies sammeln keine Daten, die eine Identifizierung zulassen. Wir k\u00f6nnen Ihre Privatsph\u00e4re sch\u00fctzen, indem Sie Ihre IP-Adresse so kodieren, dass Ihre Ger\u00e4te nicht anhand der erfassten Daten verfolgt werden k\u00f6nnen. Wir teilen auch keine Daten, die durch unsere eigenen analytischen Cookies gesammelt wurden, mit Dritten.<\/p>\n\n\n\n<p>Die folgende Tabelle zeigt die Cookies, die wir auf der Website verwenden:<\/p>\n\n\n\n<p>LIEFERUNG DER LAGERUNG VON SCHWEINEN VON M\u00d6BELN UND VERWALTUNG DER DATEN ZWECK DER REINIGUNG DER DATENVERARBEITUNG<br>_utma Vor 2 Jahren Google Inc. Google Analytics-Cookies zur Analyse des Besuchs unserer Website. Sie folgen Ihnen anonym und erkennen Ihre pers\u00f6nlichen Informationen nicht an, sondern lediglich die Aktivit\u00e4ten auf unserer Website. Der Zugriff auf durch diese Cookies gesammelte Daten steht Dritten nicht zur Verf\u00fcgung.<br>_utmb, _utmc Am Ende der Sitzung setzt Google Inc. Google Analytics-Cookies ein, um den Besuch unserer Website zu analysieren. Sie folgen Ihnen anonym und erkennen Ihre pers\u00f6nlichen Informationen nicht an, sondern lediglich die Aktivit\u00e4ten auf unserer Website. Der Zugriff auf durch diese Cookies gesammelte Daten steht Dritten nicht zur Verf\u00fcgung.<br>_utmz 6 Monate Google Inc. Google Analytics-Cookies zur Analyse des Besuchs unserer Website. Sie folgen Ihnen anonym und erkennen Ihre pers\u00f6nlichen Informationen nicht an, sondern lediglich die Aktivit\u00e4ten auf unserer Website. Der Zugriff auf durch diese Cookies gesammelte Daten steht Dritten nicht zur Verf\u00fcgung.<\/p>\n\n\n\n<p><strong>Gruppe 3 \u2013 Partnerservice-Cookies<\/strong><\/p>\n\n\n\n<p>Dazu geh\u00f6ren Cookies von unseren Partnerdiensten wie Facebook, LinkedIn, Google usw. Diese Cookies erm\u00f6glichen Ihnen die Verwendung von Plug-Ins und Funktionen auf einer Website, die mit ihren sozialen Netzwerken und anderen Plattformen verkn\u00fcpft sind, und die Verwendung Ihrer Websites zu verfolgen Dienstleistungen. Durch die Nutzung der Website stimmen Sie der Installation zu. Wenn Sie nicht zustimmen, w\u00e4hlen Sie \u201eIch stimme der Verwendung nicht zu\u201c und wir werden diese Cookies nicht installieren. Es kann vorkommen, dass in diesem Fall einige der interessanten Funktionen der Website nicht verf\u00fcgbar sind.<\/p>\n\n\n\n<p>Drittanbieter-Cookies werden nur installiert, wenn Sie dies ausdr\u00fccklich zulassen, indem Sie in den Cookie-Einstellungen auf unserer Website \u201eIch stimme zu\u201c ausw\u00e4hlen. Im Zusammenhang mit Cookies von Drittanbietern bieten wir eine bessere Benutzererfahrung, indem wir Inhalte in verschiedenen sozialen Netzwerken teilen und Ihr Angebot an Ihre Pr\u00e4ferenzen und Bed\u00fcrfnisse anpassen, die durch vorheriges Surfen im Internet gesammelt wurden.<\/p>\n\n\n\n<p>Wir verwenden diese Cookies derzeit nicht auf der Seite.<\/p>\n\n\n\n<h4 class=\"wp-block-heading\">Ihre Einstellungen f\u00fcr die Installation von Cookies auf unserer Website:<\/h4>\n\n\n\n<p>Durch Auswahl der Option \u201eIch stimme der Verwendung von Analyse-Cookies zu\u201c stimmen Sie der Installation von Cookies von Drittanbietern zum Zwecke der Analyse des Besuchs unserer Website zu:<\/p>\n\n\n\n<p>&nbsp;Ich stimme der Verwendung von analytischen Cookies zu<\/p>","protected":false},"excerpt":{"rendered":"<p>Pi\u0161kotki To obvestilo je podano v skladu z Zakonom o elektronskih komunikacijah (ZEKom-1), ki ureja pravila glede uporabe pi\u0161kotkov in podobnih tehnologij za shranjevanje podatkov ali dostop do podatkov, shranjenih na va\u0161em racunalniku ali mobilni napravi. Kaj so pi\u0161kotki Pi\u0161kotki so majhne tekstovne datoteke, ki se ob obisku spletne strani prenesejo na va\u0161 racunalnik ali [&hellip;]<\/p>","protected":false},"author":1,"featured_media":0,"parent":0,"menu_order":0,"comment_status":"closed","ping_status":"closed","template":"","meta":{"_seopress_robots_primary_cat":"","_seopress_titles_title":"","_seopress_titles_desc":"","_seopress_robots_index":"yes","footnotes":""},"class_list":["post-381","page","type-page","status-publish","hentry"],"_links":{"self":[{"href":"https:\/\/explore-lukovo.net\/de\/wp-json\/wp\/v2\/pages\/381","targetHints":{"allow":["GET"]}}],"collection":[{"href":"https:\/\/explore-lukovo.net\/de\/wp-json\/wp\/v2\/pages"}],"about":[{"href":"https:\/\/explore-lukovo.net\/de\/wp-json\/wp\/v2\/types\/page"}],"author":[{"embeddable":true,"href":"https:\/\/explore-lukovo.net\/de\/wp-json\/wp\/v2\/users\/1"}],"replies":[{"embeddable":true,"href":"https:\/\/explore-lukovo.net\/de\/wp-json\/wp\/v2\/comments?post=381"}],"version-history":[{"count":2,"href":"https:\/\/explore-lukovo.net\/de\/wp-json\/wp\/v2\/pages\/381\/revisions"}],"predecessor-version":[{"id":386,"href":"https:\/\/explore-lukovo.net\/de\/wp-json\/wp\/v2\/pages\/381\/revisions\/386"}],"wp:attachment":[{"href":"https:\/\/explore-lukovo.net\/de\/wp-json\/wp\/v2\/media?parent=381"}],"curies":[{"name":"wp","href":"https:\/\/api.w.org\/{rel}","templated":true}]}}