{"id":383,"date":"2023-05-02T16:13:50","date_gmt":"2023-05-02T16:13:50","guid":{"rendered":"https:\/\/explore-lukovo.net\/?page_id=383"},"modified":"2023-05-02T16:48:13","modified_gmt":"2023-05-02T16:48:13","slug":"splosno","status":"publish","type":"page","link":"https:\/\/explore-lukovo.net\/de\/algemeen\/","title":{"rendered":"Algemeen"},"content":{"rendered":"<p>Die Website verwendet Cookies, die f\u00fcr ihren Betrieb unbedingt erforderlich sind, um die Benutzererfahrung zu verbessern und anonyme Daten \u00fcber Besuche zu \u00fcberwachen. Durch Klicken auf die Schaltfl\u00e4che \u201eBest\u00e4tigen\u201c stimmen Sie der Verwendung dieser Cookies zu. Wenn Sie mit verwendbaren Cookies nicht einverstanden sind, k\u00f6nnen Sie Ihre Einstellungen anpassen, indem Sie auf die Schaltfl\u00e4che \u201eCookie-Einstellungen\u201c klicken, w\u00e4hrend Sie weiterhin die Cookies verwenden, die f\u00fcr die Funktion der Website unbedingt erforderlich sind. Mehr \u00fcber Cookies \u2013 Cookie-Einstellungen<\/p>","protected":false},"excerpt":{"rendered":"<p>Spletno mesto uporablja pi\u0161kotke, ki so nujno potrebni za njegovo delovanje, za zagotavljanje bolj\u0161e uporabni\u0161ke izku\u0161nje in za spremljanje anonimnih podatkov o obiskanosti. S klikom na gumb \u00bbPotrdi\u00ab se strinjate z uporabo navedenih pi\u0161kotkov. Ce se z uporabno pi\u0161kotkov ne strinjate, lahko nastavitve prilagodite s klikom na gumb \u00bbNastavitve pi\u0161kotkov\u00ab, pri cemer bodo \u0161e vedno [&hellip;]<\/p>","protected":false},"author":1,"featured_media":0,"parent":0,"menu_order":0,"comment_status":"closed","ping_status":"closed","template":"","meta":{"_seopress_robots_primary_cat":"","_seopress_titles_title":"","_seopress_titles_desc":"","_seopress_robots_index":"yes","footnotes":""},"class_list":["post-383","page","type-page","status-publish","hentry"],"_links":{"self":[{"href":"https:\/\/explore-lukovo.net\/de\/wp-json\/wp\/v2\/pages\/383","targetHints":{"allow":["GET"]}}],"collection":[{"href":"https:\/\/explore-lukovo.net\/de\/wp-json\/wp\/v2\/pages"}],"about":[{"href":"https:\/\/explore-lukovo.net\/de\/wp-json\/wp\/v2\/types\/page"}],"author":[{"embeddable":true,"href":"https:\/\/explore-lukovo.net\/de\/wp-json\/wp\/v2\/users\/1"}],"replies":[{"embeddable":true,"href":"https:\/\/explore-lukovo.net\/de\/wp-json\/wp\/v2\/comments?post=383"}],"version-history":[{"count":1,"href":"https:\/\/explore-lukovo.net\/de\/wp-json\/wp\/v2\/pages\/383\/revisions"}],"predecessor-version":[{"id":384,"href":"https:\/\/explore-lukovo.net\/de\/wp-json\/wp\/v2\/pages\/383\/revisions\/384"}],"wp:attachment":[{"href":"https:\/\/explore-lukovo.net\/de\/wp-json\/wp\/v2\/media?parent=383"}],"curies":[{"name":"wp","href":"https:\/\/api.w.org\/{rel}","templated":true}]}}