{"id":381,"date":"2023-05-02T16:13:33","date_gmt":"2023-05-02T16:13:33","guid":{"rendered":"https:\/\/explore-lukovo.net\/?page_id=381"},"modified":"2023-05-02T16:48:08","modified_gmt":"2023-05-02T16:48:08","slug":"piskotki","status":"publish","type":"page","link":"https:\/\/explore-lukovo.net\/en\/cookies\/","title":{"rendered":"Cookies"},"content":{"rendered":"<p>Cookies<\/p>\n\n\n\n<p>This notice is provided in accordance with the Electronic Communications Act (ZEKom-1), which regulates the rules governing the use of cookies and similar technologies for storing data or accessing data stored on your computer or mobile device.<\/p>\n\n\n\n<p>What are cookies?<\/p>\n\n\n\n<p>Cookies are small text files that are downloaded to your computer or mobile device when they visit a web site. Cookies usually contain the name of the server from which the cookie was sent; the cookie lifetime and a value that is usually randomly generated by a unique number.<\/p>\n\n\n\n<p>Cookies on the website https:\/\/www.explore-lukovo.net\/ provide a better user experience and allow you to use the website and functionality on the site (signing in to the office, viewing videos, sharing content on social networks) and collecting aggregated information about using our Websites.<\/p>\n\n\n\n<p>Cookies do not by themselves allow you to identify yourself, and you can not just identify who you are specifically with.<\/p>\n\n\n\n<p>Types of cookies we use<\/p>\n\n\n\n<p><strong>Group 1 \u2013 urgently needed cookies<\/strong><\/p>\n\n\n\n<p>Among the essential cookies we include cookies that allow you to access the website and are crucial for the functioning of each functionality of the website, so they are always installed on your device. They are set up when you make any interaction with the site and do not collect analytical or other information about your visit at the same time.<\/p>\n\n\n\n<p>The following table shows the cookies we use on the web site:<\/p>\n\n\n\n<p>SERVICE OF STORAGE OF PIGS OF FURNITURE AND MANAGING DATA PURPOSE OF PURIFYING DATA PROCESSING<br>cc_analytics 1 leto explore-lukovo.si S pomocjo tega pi\u0161kotka si zapomnimo va\u0161o izbiro glede name\u0161canja pi\u0161kotkov. Podatki zbrani s pomocjo pi\u0161kotka se ne delijo s tretjimi osebami.<br>cc_necessary 1 leto explore-lukovo.si S pomocjo tega pi\u0161kotka si zapomnimo va\u0161o izbiro glede name\u0161canja pi\u0161kotkov. Podatki zbrani s pomocjo pi\u0161kotka se ne delijo s tretjimi osebami.<\/p>\n\n\n\n<p><strong>Group 2 \u2013 own analytical cookies<\/strong><\/p>\n\n\n\n<p>These include analytical and functional cookies to analyze traffic on a website.<\/p>\n\n\n\n<p>Our own analytical cookies are installed on your device as soon as they arrive to our site and are always installed, unless you choose the \u201cDisagree\u201d option in the cookie setup settings.<\/p>\n\n\n\n<p>Your own analytical cookies do not collect data that would allow your identification. We can protect your privacy by encoding your IP address so that your devices can not be tracked on the basis of the collected data. We also do not share data collected through our own analytical cookies with third parties.<\/p>\n\n\n\n<p>The following table shows the cookies we use on the web site:<\/p>\n\n\n\n<p>SERVICE OF STORAGE OF PIGS OF FURNITURE AND MANAGING DATA PURPOSE OF PURIFYING DATA PROCESSING<br>_utma 2 years ago Google Inc. Google Analytics cookies to analyze our site\u2019s visit. They follow you anonymously and do not recognize your personal information, merely the activities on our website. Access to data collected through these cookies is not available to third parties.<br>_utmb, _utmc By the end of the session Google Inc. Google Analytics cookies to analyze our site\u2019s visit. They follow you anonymously and do not recognize your personal information, merely the activities on our website. Access to data collected through these cookies is not available to third parties.<br>_utmz 6 months Google Inc. Google Analytics cookies to analyze our site\u2019s visit. They follow you anonymously and do not recognize your personal information, merely the activities on our website. Access to data collected through these cookies is not available to third parties.<\/p>\n\n\n\n<p><strong>Group 3 \u2013 partner service cookies<\/strong><\/p>\n\n\n\n<p>These include cookies of our partner services, such as Facebook, LinkedIn, Google, etc. These cookies allow you to use plug-ins and features on a website that are linked to their social networks and other platforms, and to track your use of their services. By using the website, you agree to the installation. If you disagree, select \u201cI disagree with the use\u201d and we will not install these cookies. It may happen that in this case some of the interesting features of the website will not be available.<\/p>\n\n\n\n<p>Third-party cookies are only installed when you explicitly allow this by selecting \u201cI agree\u201d in the cookie setup settings on our website. In the context of third-party cookies, we offer a better user experience, sharing content across different social networks, as well as adapting your offer according to your preferences and needs, collected through previous web browsing.<\/p>\n\n\n\n<p>We do not currently use these cookies on the page.<\/p>\n\n\n\n<h4 class=\"wp-block-heading\">Your settings for the installation of cookies on our website:<\/h4>\n\n\n\n<p>By choosing the option \"I agree to the use of analytical cookies\", you agree to the installation of third-party cookies for the purpose of analyzing the visit to our website:<\/p>\n\n\n\n<p>&nbsp;I agree to the use of analytical cookies<\/p>","protected":false},"excerpt":{"rendered":"<p>Pi\u0161kotki To obvestilo je podano v skladu z Zakonom o elektronskih komunikacijah (ZEKom-1), ki ureja pravila glede uporabe pi\u0161kotkov in podobnih tehnologij za shranjevanje podatkov ali dostop do podatkov, shranjenih na va\u0161em racunalniku ali mobilni napravi. Kaj so pi\u0161kotki Pi\u0161kotki so majhne tekstovne datoteke, ki se ob obisku spletne strani prenesejo na va\u0161 racunalnik ali [&hellip;]<\/p>","protected":false},"author":1,"featured_media":0,"parent":0,"menu_order":0,"comment_status":"closed","ping_status":"closed","template":"","meta":{"_seopress_robots_primary_cat":"","_seopress_titles_title":"","_seopress_titles_desc":"","_seopress_robots_index":"yes","footnotes":""},"class_list":["post-381","page","type-page","status-publish","hentry"],"_links":{"self":[{"href":"https:\/\/explore-lukovo.net\/en\/wp-json\/wp\/v2\/pages\/381","targetHints":{"allow":["GET"]}}],"collection":[{"href":"https:\/\/explore-lukovo.net\/en\/wp-json\/wp\/v2\/pages"}],"about":[{"href":"https:\/\/explore-lukovo.net\/en\/wp-json\/wp\/v2\/types\/page"}],"author":[{"embeddable":true,"href":"https:\/\/explore-lukovo.net\/en\/wp-json\/wp\/v2\/users\/1"}],"replies":[{"embeddable":true,"href":"https:\/\/explore-lukovo.net\/en\/wp-json\/wp\/v2\/comments?post=381"}],"version-history":[{"count":2,"href":"https:\/\/explore-lukovo.net\/en\/wp-json\/wp\/v2\/pages\/381\/revisions"}],"predecessor-version":[{"id":386,"href":"https:\/\/explore-lukovo.net\/en\/wp-json\/wp\/v2\/pages\/381\/revisions\/386"}],"wp:attachment":[{"href":"https:\/\/explore-lukovo.net\/en\/wp-json\/wp\/v2\/media?parent=381"}],"curies":[{"name":"wp","href":"https:\/\/api.w.org\/{rel}","templated":true}]}}