{"id":383,"date":"2023-05-02T16:13:50","date_gmt":"2023-05-02T16:13:50","guid":{"rendered":"https:\/\/explore-lukovo.net\/?page_id=383"},"modified":"2023-05-02T16:48:13","modified_gmt":"2023-05-02T16:48:13","slug":"splosno","status":"publish","type":"page","link":"https:\/\/explore-lukovo.net\/en\/generally\/","title":{"rendered":"Generally"},"content":{"rendered":"<p>The site uses cookies that are strictly necessary for its operation, to provide better user experience, and to monitor anonymous data about visits. By clicking the \u201cConfirm\u201d button, you agree to the use of these cookies. If you disagree with usable cookies, you can customize your settings by clicking on the \u201cCookie settings\u201d button, while still using the cookies that are strictly necessary for the site to work. More about cookies \u2013 Cookie settings<\/p>","protected":false},"excerpt":{"rendered":"<p>Spletno mesto uporablja pi\u0161kotke, ki so nujno potrebni za njegovo delovanje, za zagotavljanje bolj\u0161e uporabni\u0161ke izku\u0161nje in za spremljanje anonimnih podatkov o obiskanosti. S klikom na gumb \u00bbPotrdi\u00ab se strinjate z uporabo navedenih pi\u0161kotkov. Ce se z uporabno pi\u0161kotkov ne strinjate, lahko nastavitve prilagodite s klikom na gumb \u00bbNastavitve pi\u0161kotkov\u00ab, pri cemer bodo \u0161e vedno [&hellip;]<\/p>","protected":false},"author":1,"featured_media":0,"parent":0,"menu_order":0,"comment_status":"closed","ping_status":"closed","template":"","meta":{"_seopress_robots_primary_cat":"","_seopress_titles_title":"","_seopress_titles_desc":"","_seopress_robots_index":"yes","footnotes":""},"class_list":["post-383","page","type-page","status-publish","hentry"],"_links":{"self":[{"href":"https:\/\/explore-lukovo.net\/en\/wp-json\/wp\/v2\/pages\/383","targetHints":{"allow":["GET"]}}],"collection":[{"href":"https:\/\/explore-lukovo.net\/en\/wp-json\/wp\/v2\/pages"}],"about":[{"href":"https:\/\/explore-lukovo.net\/en\/wp-json\/wp\/v2\/types\/page"}],"author":[{"embeddable":true,"href":"https:\/\/explore-lukovo.net\/en\/wp-json\/wp\/v2\/users\/1"}],"replies":[{"embeddable":true,"href":"https:\/\/explore-lukovo.net\/en\/wp-json\/wp\/v2\/comments?post=383"}],"version-history":[{"count":1,"href":"https:\/\/explore-lukovo.net\/en\/wp-json\/wp\/v2\/pages\/383\/revisions"}],"predecessor-version":[{"id":384,"href":"https:\/\/explore-lukovo.net\/en\/wp-json\/wp\/v2\/pages\/383\/revisions\/384"}],"wp:attachment":[{"href":"https:\/\/explore-lukovo.net\/en\/wp-json\/wp\/v2\/media?parent=383"}],"curies":[{"name":"wp","href":"https:\/\/api.w.org\/{rel}","templated":true}]}}